{"id":2,"date":"2023-05-19T11:19:13","date_gmt":"2023-05-19T11:19:13","guid":{"rendered":"https:\/\/izmitescortportal.com\/?page_id=2"},"modified":"2024-04-01T07:03:33","modified_gmt":"2024-04-01T07:03:33","slug":"sample-page","status":"publish","type":"page","link":"https:\/\/izmitescortportal.com\/","title":{"rendered":"\u0130zmit Escort"},"content":{"rendered":"\r\n<p class=\"p1\">Beyler <strong>\u0130zmit Escort<\/strong> hayat\u0131n bir par\u00e7as\u0131\u2026 \u00fcstelik \u00e7ok tatl\u0131 bir par\u00e7as\u0131. \u0130nsan\u0131n hayat\u0131ndan seksi \u00e7\u0131kartan\u0131z, heyecan\u0131 da \u00e7\u0131kartm\u0131\u015f olursunuz! \u0130\u015fte seks bizim i\u00e7in bu kadar \u00e7ok \u00f6nemlidir\u2026 tamam ama en son ne zaman sa\u011flam bir seks ya\u015fad\u0131n\u0131z? Bu soruya cevap verirken \u00e7ok d\u00fc\u015f\u00fcn\u00fcyorsan\u0131z e\u011fer o zaman yeniden ho\u015f geldinizescort sitelerinin en iyisine.<\/p>\r\n<ul>\r\n<p>T\u00fcrkiye&#8217;deki Escortlar Hakk\u0131nda Genel Bilgi.<\/p>\r\n\r\n<p>T\u00fcrkiye&#8217;deki escortlar, genellikle b\u00fcy\u00fck \u015fehirlerde bulunmaktad\u0131r. <a rel=\"sponsored\" href=\"https:\/\/www.istanbultaksi.org\/\">istanbul escort<\/a> k\u0131zlar, genellikle m\u00fc\u015fterilerine e\u015flik etme, sosyal etkinliklere kat\u0131lma ve bazen de cinsel hizmetler sunma amac\u0131yla \u00e7al\u0131\u015fmaktad\u0131r..<\/p>\r\n\r\n<p>Hizmetler\r\n<p>Kaliteli ve unutulmaz bir deneyim sunma<\/p>\r\n<p>Farkl\u0131 etkinlikler ve sosyal ortamlarda e\u015flik etme<\/p>\r\n\t\r\n<p>M\u00fc\u015fterilerin tercihlerine ve beklentilerine uygun olarak geni\u015f bir fiziksel \u00f6zellik yelpazesi bulunmaktad\u0131r. <a rel=\"sponsored\" href=\"https:\/\/mecidiyekoyescortlari.com\/\">mecidiyek\u00f6y escort<\/a> \u0130\u015f yemekleri, toplant\u0131lar ve \u00f6zel davetlerde partnerlik hizmeti veren k\u0131zlard\u0131r.<\/p>\r\n\r\n<p>\u0130leti\u015fim<\/p>\r\n\r\n<p>E\u011fer bu tan\u0131t\u0131mda bahsedilen eskort bayan ile ileti\u015fime ge\u00e7mek isterseniz, Telefon numaras\u0131, Whatsapp, Telegram, Facebook bilgilerini kullanarak kendisine ula\u015fabilirsiniz.<\/p>\r\n\r\n<p>Hem yerli hem de yabanc\u0131 m\u00fc\u015fterilere hizmet vermektedir <a rel=\"sponsored\" href=\"https:\/\/isislives.com\/\">\u015fi\u015fli escort<\/a> bayanlar\u0131. Hizmetlerin gizlili\u011fini korumak i\u00e7in dikkatlidirler.<\/p>\r\n\r\n<p>Siz de kendinize uygun bir partner bulabilir ve unutulmaz an\u0131lar biriktirebilirsiniz. \u0130yi e\u011flenceler!<\/p>\r\n\r\n<p>Asla mesafe koymay\u0131n. <a rel=\"sponsored\" href=\"https:\/\/www.escort10.com\/\">ata\u015fehir escort<\/a> k\u0131zlar\u0131 S\u0131n\u0131rs\u0131z seks hizmeti veriyor.<\/p>\r\n\r\n\r\n<p>Kimi escortlar minyon tipli olup daha k\u00fc\u00e7\u00fck boyutlardayken, kimileri ise uzun boylu ve atletik yap\u0131dad\u0131r. <a rel=\"sponsored\" href=\"https:\/\/www.kaysericelik.com\">kayseri escort<\/a> k\u0131zlar\u0131 olduk\u00e7a \u00e7e\u015fitlidirler..<\/p>\r\n\r\n<p>M\u00fc\u015fterilerin do\u011fru escortu se\u00e7melerine yard\u0131mc\u0131 olacak kriterler <a rel=\"sponsored\" href=\"https:\/\/wipescort.com\/\">antalya escort<\/a> kad\u0131nlar i\u00e7in de ge\u00e7erlidir..<\/p>\r\n\r\n<p>Bodrum geceleri bir ba\u015fka, <a rel=\"sponsored\" href=\"https:\/\/basementescort.com\/\">bodrum escort<\/a> kad\u0131n olursa bir de yan\u0131n\u0131zda.<\/p>\r\n\r\n<p>7\/24 whatsapplar\u0131 a\u00e7\u0131k. sizlerin aray\u0131p randevu olu\u015fturman\u0131z\u0131 bekliyorlar. \u00f6zellikle hafta sonlar\u0131 1 g\u00fcn \u00f6nce rezervasyon yapt\u0131rmay\u0131 d\u00fc\u015f\u00fcnebilirsiniz.<\/p>\r\n\r\n<p>Ya\u015flar\u0131 genellikle 18 ila 35 ya\u015f aras\u0131nda de\u011fi\u015fen escortlar, deneyim ve olgunluk a\u00e7\u0131s\u0131ndan farkl\u0131l\u0131k g\u00f6sterir. <a rel=\"sponsored\" href=\"https:\/\/www.paraf.org\/\">esenyurt escort<\/a> kad\u0131nlar bu noktada \u00f6ne \u00e7\u0131karlar.<\/p>\r\n\r\n<p>Boy ve kilo gibi fiziksel \u00f6zellikler de olduk\u00e7a \u00e7e\u015fitlidir <a rel=\"sponsored\" href=\"https:\/\/www.alissa-escort.com\/\">taksim escort<\/a> kalitesi ve g\u00fcvenilirli\u011fi hakk\u0131nda fikir edinmeye yard\u0131mc\u0131 olabilir.<\/p>\r\n<\/ul>\r\n<h2 class=\"p1\"><b>Bu Sitede \u0130zmit Escort Bul<\/b><\/h2>\r\n<p><img loading=\"lazy\" decoding=\"async\" class=\"size-full wp-image-10 aligncenter\" src=\"https:\/\/izmitescortportal.com\/wp-content\/uploads\/2023\/05\/izmit-escort.webp\" alt=\"\" width=\"500\" height=\"750\" srcset=\"https:\/\/izmitescortportal.com\/wp-content\/uploads\/2023\/05\/izmit-escort.webp 500w, https:\/\/izmitescortportal.com\/wp-content\/uploads\/2023\/05\/izmit-escort-200x300.webp 200w\" sizes=\"auto, (max-width: 500px) 100vw, 500px\" \/><\/p>\r\n<p class=\"p1\">Sitemizde birbirinden g\u00fczel ve yetenekli bir s\u00fcr\u00fc <b>izmit escort bayan<\/b> var. Bu kad\u0131nlar aras\u0131ndan se\u00e7im yaparken \u00f6ncelik vermeniz gereken konu bu s\u0131ralar neye ihtiyac\u0131n\u0131z oldu\u011fudur. E\u011fer bu aralar size iyi gelecek konu hard bir seks ise o zaman muhakkak feti\u015fleri ve fantezileri ile sizleri mest eden \u00e7\u0131lg\u0131n<b> eskort bayanlar<\/b> kategorimize bir g\u00f6z atmal\u0131s\u0131n\u0131z.<\/p>\r\n<p class=\"p1\">Siz kendinizi biliyor olmal\u0131s\u0131n\u0131z. Kendi zevklerinize g\u00f6re burada se\u00e7im yapmak ve e\u011flenmek ger\u00e7ekten \u00e7ok kolay. \u015eimdiden size iyi e\u011flenceler.<\/p>\r\n<h2 class=\"p1\">Tatl\u0131 Escort \u0130zmit Bayan Dolunay<\/h2>\r\n<p class=\"p1\">Ad\u0131m Dolunay. 24 ya\u015f\u0131nday\u0131m, esmerim, 54 kiloda ve tatl\u0131 bir kad\u0131n\u0131m. Hemen sana resimlerimi g\u00f6nderebilirim hayat\u0131m. Bunun i\u00e7in tek yapman gereken <strong>escort izmit<\/strong> bayan telefon numaras\u0131 \u00fczerinden bana ula\u015fmak. Bu arada bebe\u011fim benimle sohbet etmek de en az sevi\u015fmek kadar e\u011flencelidir.<\/p>\r\n<h2 class=\"p1\"><b>En Kurals\u0131z &amp; En Tatl\u0131 Gecelerde E\u011flendiririm Sizi\u2026<\/b><\/h2>\r\n<p class=\"p1\">Ben g\u00f6r\u00fc\u015fmelerimi seviyorum, <strong>izmit<\/strong><b>\u00a0escort k\u0131z<\/b> iken de sohbete &amp; sekse de\u011fer veririm, iyi bir performans g\u00f6steririm. Zaten e\u011fer sizden etkilenmemi\u015fsem size evet demem. Kendimle alakal\u0131 ilk kural\u0131m muhakkak g\u00f6r\u00fc\u015fme yapt\u0131\u011f\u0131m erkekleri be\u011fenmek istememdir. \u015eu kesin sizlerle ucuz ama muhakkak beni de memnun edecek \u015fekilde zaman ge\u00e7iririm. Zaten e\u011fer sizden etkilenmezsem size evet demem.<\/p>\r\n<h2 class=\"p1\"><b>G\u00f6r\u00fc\u015fmelerimin Olmazsa Olmaz\u0131, Kondom.<\/b><\/h2>\r\n<p><img loading=\"lazy\" decoding=\"async\" class=\"size-full wp-image-11 aligncenter\" src=\"https:\/\/izmitescortportal.com\/wp-content\/uploads\/2023\/05\/escort-izmit.webp\" alt=\"\" width=\"500\" height=\"750\" srcset=\"https:\/\/izmitescortportal.com\/wp-content\/uploads\/2023\/05\/escort-izmit.webp 500w, https:\/\/izmitescortportal.com\/wp-content\/uploads\/2023\/05\/escort-izmit-200x300.webp 200w\" sizes=\"auto, (max-width: 500px) 100vw, 500px\" \/><\/p>\r\n<p class=\"p1\">Ben o an senden sadece prezervatif kullanman\u0131 isterim ve bence bu benim hakk\u0131md\u0131r. \u00dcstelik kondom denen olay sadece beni korumaz, seni de korur. \u00d6te yandan hayat\u0131m sevi\u015fmek konusunda iyi, \u00e7\u0131lg\u0131n &amp; g\u00fczel bir <strong>izmit<\/strong><b>\u00a0escort<\/b> oldu\u011fum i\u00e7in ger\u00e7ekten de seni e\u011flendiririm, bu konuda endi\u015fen olmas\u0131n!<\/p>\r\n<h2 class=\"p1\"><b>Sana Sekste Neler Arma\u011fan Edebilirim?<\/b><\/h2>\r\n<p class=\"p1\">Ben <b>anal yapan <strong>izmit<\/strong> escort bayan<\/b> olarak seni \u00e7ok memnun edebilirim. Anal seksi her zaman fazlas\u0131yla sevdim, bunu asla ink\u00e2r edemem. Hatta analdan \u00f6nce her zaman haz\u0131rlan\u0131r\u0131m e ne de olsa \u00f6zenli bir di\u015fiyim. \u00d6te yandan hayat\u0131m sakso performans\u0131m\u0131 sonuna kadar hissetmene neden olurum \u00e7\u00fcnk\u00fc sana sakso \u00e7ekerken senden asla kondom kullanman\u0131 istemem ve ta\u015faklar\u0131na kadar yalar\u0131m hatta o an g\u00f6t deli\u011fi yalamak ve dillemek gibi deliliklerim de olabilir, bence muhakkak bana has bu delilikleri ya\u015famal\u0131s\u0131n.<\/p>\r\n<h2 class=\"p1\"><b>Seni Tan\u0131mak \u0130stiyorum!<\/b><\/h2>\r\n<p class=\"p1\">G\u00f6r\u00fcp, anlad\u0131\u011f\u0131n kadar\u0131yla ho\u015f bir kad\u0131nsam, e\u011fer benimle zaman ge\u00e7irirsen iyi hissedece\u011fine inan\u0131yorsan bu durumda hi\u00e7 d\u00fc\u015f\u00fcnmeden beni arayabilirsin. Tatl\u0131 bir sohbete ve sevi\u015fmeye hi\u00e7bir zaman hay\u0131r demem ben.<\/p>\r\n","protected":false},"excerpt":{"rendered":"<p>Beyler \u0130zmit Escort hayat\u0131n bir par\u00e7as\u0131\u2026 \u00fcstelik \u00e7ok tatl\u0131 bir par\u00e7as\u0131. \u0130nsan\u0131n hayat\u0131ndan seksi \u00e7\u0131kartan\u0131z, heyecan\u0131 da \u00e7\u0131kartm\u0131\u015f olursunuz! \u0130\u015fte seks bizim i\u00e7in bu kadar&#8230;<\/p>\n<div class=\"more-link-wrapper\"><a class=\"more-link\" href=\"https:\/\/izmitescortportal.com\/\">Devam\u0131n\u0131 okuyun<span class=\"screen-reader-text\">\u0130zmit Escort<\/span><\/a><\/div>\n","protected":false},"author":1,"featured_media":0,"parent":0,"menu_order":0,"comment_status":"closed","ping_status":"open","template":"","meta":{"footnotes":""},"class_list":["post-2","page","type-page","status-publish","hentry","entry"],"aioseo_notices":[],"_links":{"self":[{"href":"https:\/\/izmitescortportal.com\/index.php?rest_route=\/wp\/v2\/pages\/2","targetHints":{"allow":["GET"]}}],"collection":[{"href":"https:\/\/izmitescortportal.com\/index.php?rest_route=\/wp\/v2\/pages"}],"about":[{"href":"https:\/\/izmitescortportal.com\/index.php?rest_route=\/wp\/v2\/types\/page"}],"author":[{"embeddable":true,"href":"https:\/\/izmitescortportal.com\/index.php?rest_route=\/wp\/v2\/users\/1"}],"replies":[{"embeddable":true,"href":"https:\/\/izmitescortportal.com\/index.php?rest_route=%2Fwp%2Fv2%2Fcomments&post=2"}],"version-history":[{"count":3,"href":"https:\/\/izmitescortportal.com\/index.php?rest_route=\/wp\/v2\/pages\/2\/revisions"}],"predecessor-version":[{"id":15,"href":"https:\/\/izmitescortportal.com\/index.php?rest_route=\/wp\/v2\/pages\/2\/revisions\/15"}],"wp:attachment":[{"href":"https:\/\/izmitescortportal.com\/index.php?rest_route=%2Fwp%2Fv2%2Fmedia&parent=2"}],"curies":[{"name":"wp","href":"https:\/\/api.w.org\/{rel}","templated":true}]}}